{"id":349,"date":"2025-05-13T09:33:58","date_gmt":"2025-05-13T09:33:58","guid":{"rendered":"https:\/\/neas.no\/bedrift\/?page_id=349"},"modified":"2025-05-20T12:14:11","modified_gmt":"2025-05-20T12:14:11","slug":"mobil","status":"publish","type":"page","link":"https:\/\/neas.no\/bedrift\/mobil\/","title":{"rendered":"Mobil"},"content":{"rendered":"\t<div class=\"alignfull neas-hero-image-position-right layout-50x50 is-compressed wp-block-neas-hero\">\n\t\t<div class=\"neas-hero__container\">\n\t\t\t<div class=\"neas-hero__image-container\">\n\t\t\t\t<img loading=\"lazy\" decoding=\"async\" width=\"768\" height=\"575\" src=\"https:\/\/neas.no\/content\/uploads\/2024\/09\/Gjemnessund-bro-Bergsoya-mot-Averoy-dronebilde-768x575.jpg\" class=\"wp-image-133 size-medium_large attachment-medium_large neas-hero__image\" alt=\"\" style=\"--focalpoint: 50% 50%;\" srcset=\"https:\/\/neas.no\/content\/uploads\/2024\/09\/Gjemnessund-bro-Bergsoya-mot-Averoy-dronebilde-768x575.jpg 768w, https:\/\/neas.no\/content\/uploads\/2024\/09\/Gjemnessund-bro-Bergsoya-mot-Averoy-dronebilde-300x225.jpg 300w, https:\/\/neas.no\/content\/uploads\/2024\/09\/Gjemnessund-bro-Bergsoya-mot-Averoy-dronebilde-1024x767.jpg 1024w, https:\/\/neas.no\/content\/uploads\/2024\/09\/Gjemnessund-bro-Bergsoya-mot-Averoy-dronebilde-1536x1150.jpg 1536w, https:\/\/neas.no\/content\/uploads\/2024\/09\/Gjemnessund-bro-Bergsoya-mot-Averoy-dronebilde.jpg 2000w\" sizes=\"auto, (max-width: 768px) 100vw, 768px\" \/>\t\t\t<\/div>\n\t\t\t<div class=\"neas-hero__content has-background has-neutral-400-background-color has-color has-primary-green-color\">\n\t\t\t\t\n\n<h1 class=\"wp-block-heading\" id=\"h-mobil-telefoni-og-losninger-til-sma-og-store-bedrifter\">Mobil &#8211; telefoni og l\u00f8sninger til sm\u00e5 og store bedrifter<\/h1>\n\n\n\n<p>Det skal v\u00e6re enkelt \u00e5 yte god service til kundene dine. Vi skreddersyr l\u00f8sninger for deg og din bedrift slik at du kan yte optimal service, og bruke tiden smartere.<\/p>\n\n\n\n<div class=\"wp-block-buttons is-layout-flex wp-block-buttons-is-layout-flex\"><\/div>\n\n\t\t\t<\/div>\n\t\t<\/div>\n\t<\/div>\n\t\n\n<div class=\"yoast-breadcrumbs\"><span><span><a href=\"https:\/\/neas.no\/bedrift\/\">Hjem<\/a><\/span> <span class=\"breadcrumb-separator\"><svg xmlns=\"http:\/\/www.w3.org\/2000\/svg\" viewBox=\"0 0 24 24\" height=\"24\" width=\"24\" class=\"t2-icon t2-icon-chevron\" aria-hidden=\"true\" focusable=\"false\"><path d=\"M10.193 5.255c-.632.136-1.159.258-1.172.271-.038.037.084.687.216 1.157.555 1.974 2.023 3.671 3.663 4.236l.2.069.011.999.01 1-.17.051c-.531.158-1.267.62-1.822 1.142A6.717 6.717 0 0 0 9.4 16.8a10.094 10.094 0 0 0-.378 1.483l-.025.183 1.191.265c.655.145 1.198.257 1.207.247.009-.009.032-.201.051-.427.134-1.599.681-2.863 1.674-3.87a5.648 5.648 0 0 1 2.223-1.359c.449-.15 1.273-.322 1.541-.322H17v-1c0-.55-.014-1-.03-1.001-.017 0-.218-.027-.449-.06-.819-.116-1.722-.419-2.315-.775-.902-.542-1.735-1.455-2.163-2.369a6.827 6.827 0 0 1-.582-2.205c-.032-.426-.058-.591-.093-.586-.015.002-.544.115-1.175.251\"\/><\/svg><\/span> <span class=\"breadcrumb_last\" aria-current=\"page\">Mobil<\/span><\/span><\/div>\n\n\n\t\t<div class=\"t2-title-content alignwide wp-block-t2-title-content\">\n\t\t\t<div class=\"t2-title-content__title-wrapper\">\n\t\t\t\t<h2 class=\"t2-title-content__title\">Telefoni og kundebetjening<\/h2>\n\t\t\t<\/div>\n\t\t\t<div class=\"t2-title-content__content is-layout-flow\">\n\n<p class=\"has-heading-2-font-size\">Smarte systemer til din bedrift<\/p>\n\n\n\n<p>Vi leverer flere ulike verkt\u00f8y som gj\u00f8r det enklere \u00e5 yte god service. L\u00f8sningene kan tilpasses b\u00e5de sm\u00e5 og store bedrifter, fungerer godt p\u00e5 tvers av kanaler, og kan integreres med systemene dere allerede har i bedriften. Det gir mer forn\u00f8yde kunder, frigj\u00f8r tid og skaper bedre resultater. Som Telia Partner leverer vi de beste kommunikasjonsl\u00f8sningene for en digital, mobil og sikker arbeidshverdag.<\/p>\n\n\n\n<p class=\"has-heading-3-font-size\"><strong>Noen av tjenestene vi leverer:<\/strong><\/p>\n\n\n\n<ul class=\"wp-block-list\">\n<li>Telefoni og kundebetjening<\/li>\n\n\n\n<li>Telefonl\u00f8sning<\/li>\n\n\n\n<li>Bes\u00f8ks-registrering<\/li>\n\n\n\n<li>SMS-plattform<\/li>\n\n\n\n<li>Microsoft-integrasjoner<\/li>\n\n\n\n<li>Mobilt bredb\u00e5nd<\/li>\n\n\n\n<li>Sentralbord<\/li>\n<\/ul>\n\n\n\n<p><\/p>\n\n<\/div>\n\t\t<\/div>\n\n\n\t\t<div class=\"t2-title-content alignwide wp-block-t2-title-content\">\n\t\t\t<div class=\"t2-title-content__title-wrapper\">\n\t\t\t\t<h2 class=\"t2-title-content__title\">Vi er her for \u00e5 hjelpe deg<\/h2>\n\t\t\t<\/div>\n\t\t\t<div class=\"t2-title-content__content is-layout-flow\"><\/div>\n\t\t<\/div>\n\n<div class=\"t2-featured-content-layout alignwide alignwide wp-block-t2-featured-content-layout\" role=\"list\">\n<div class=\"t2-featured-single-post t2-featured-content is-post-type-person role-salgskonsulent-telefoni department-neas-it wp-block-t2-featured-single-post t2-featured-content-layout-col-4 t2-featured-content-layout-row-1\" role=\"listitem\"><figure style=\"--t2-focal-point: 50% 50%;\" class=\"t2-post-featured-image has-image-ratio-1-1 wp-block-t2-post-featured-image\"><img loading=\"lazy\" decoding=\"async\" width=\"200\" height=\"300\" src=\"https:\/\/neas.no\/content\/uploads\/2025\/05\/Tony-1-200x300.jpg\" class=\"attachment-medium size-medium wp-post-image\" alt=\"\" \/><\/figure>\n\n<div class=\"wp-block-group alignfull post-details is-layout-flow wp-block-group-is-layout-flow\">\n\t<h2 class=\"t2-post-title wp-block-t2-post-title\">Tony Roger Sivertsen<\/h2>\n\t<div class=\"taxonomy-role wp-block-post-terms\"><span>Salgskonsulent Telefoni<\/span><\/div>\n\t<div class=\"card-info wp-block-t2-people-meta\"><div class=\"card-info__post-meta meta-key-people_email\"><a href=\"mailto:tony.sivertsen@neas.no\">tony.sivertsen@neas.no<\/a><\/div><div class=\"card-info__post-meta meta-key-people_phone\"><a href=\"tel:92499500\">92499500<\/a><\/div><\/div>\n<\/div>\n\n<\/div>\n<\/div>\n\n\n\t\t<div class=\"t2-title-content alignwide wp-block-t2-title-content\">\n\t\t\t<div class=\"t2-title-content__title-wrapper\">\n\t\t\t\t<h2 class=\"t2-title-content__title\">Andre produkter for din bedrift<\/h2>\n\t\t\t<\/div>\n\t\t\t<div class=\"t2-title-content__content is-layout-flow\"><\/div>\n\t\t<\/div>\n\n<ul class=\"t2-link-list has-4-items has-auto-columns alignwide wp-block-t2-link-list\">\n\t<li class=\"t2-link-list-item wp-block-t2-link-list-item\">\n\t\t<a\n\t\t\thref=\"https:\/\/neas.no\/bedrift\/elbillader\/\"\n\t\t\tclass=\"t2-link-list-item__link t2-link-list__icon--center\"\n\t\t\t\t\t>\n\t\t\t\t\t\t<div class=\"t2-link-list-item__content\">\n\n\t\t\t\t\t\t\t\t\t<div class=\"t2-link-list-item__content-icon\">\n\t\t\t\t\t\t<svg xmlns=\"http:\/\/www.w3.org\/2000\/svg\" viewBox=\"0 0 48 48\" height=\"48\" width=\"48\" class=\"t2-icon t2-icon-plugcharging\" aria-hidden=\"true\" focusable=\"false\"><g clip-path=\"url(#clip0_101_2650)\"><path fill-rule=\"evenodd\" clip-rule=\"evenodd\" d=\"M4 12C4 11.4477 4.44772 11 5 11L43 11C43.5523 11 44 11.4477 44 12C44 12.5523 43.5523 13 43 13L5 13C4.44772 13 4 12.5523 4 12Z\" fill=\"currentColor\"\/><path fill-rule=\"evenodd\" clip-rule=\"evenodd\" d=\"M10 11C10.5523 11 11 11.4477 11 12V30C11 31.3141 11.541 32.5821 12.5166 33.5228C13.4934 34.4647 14.8257 35 16.2222 35H31.7778C33.1743 35 34.5066 34.4647 35.4834 33.5228C36.459 32.5821 37 31.3141 37 30V12C37 11.4477 37.4477 11 38 11C38.5523 11 39 11.4477 39 12V30C39 31.8685 38.2299 33.6528 36.8717 34.9625C35.5147 36.271 33.6817 37 31.7778 37H16.2222C14.3183 37 12.4853 36.271 11.1283 34.9625C9.77009 33.6528 9 31.8685 9 30V12C9 11.4477 9.44772 11 10 11Z\" fill=\"currentColor\"\/><path fill-rule=\"evenodd\" clip-rule=\"evenodd\" d=\"M32 3C32.5523 3 33 3.44772 33 4V12C33 12.5523 32.5523 13 32 13C31.4477 13 31 12.5523 31 12V4C31 3.44772 31.4477 3 32 3Z\" fill=\"currentColor\"\/><path fill-rule=\"evenodd\" clip-rule=\"evenodd\" d=\"M16 3C16.5523 3 17 3.44772 17 4V12C17 12.5523 16.5523 13 16 13C15.4477 13 15 12.5523 15 12V4C15 3.44772 15.4477 3 16 3Z\" fill=\"currentColor\"\/><path fill-rule=\"evenodd\" clip-rule=\"evenodd\" d=\"M25.7808 35.3753C26.1258 35.8066 26.0559 36.4359 25.6246 36.7809L24.8297 37.4168C22.6764 39.1394 21.9043 42.0683 22.9284 44.6286C23.1335 45.1414 22.8841 45.7234 22.3713 45.9285C21.8585 46.1336 21.2765 45.8842 21.0714 45.3714C19.7201 41.993 20.739 38.1282 23.5803 35.8551L24.3752 35.2192C24.8065 34.8742 25.4358 34.9441 25.7808 35.3753Z\" fill=\"currentColor\"\/><path fill-rule=\"evenodd\" clip-rule=\"evenodd\" d=\"M23.6011 17.0637C24.1182 17.2576 24.3803 17.834 24.1863 18.3512L22.443 23H27C27.328 23 27.6351 23.1609 27.8219 23.4304C28.0087 23.7 28.0515 24.0441 27.9363 24.3512L25.6863 30.3512C25.4924 30.8683 24.916 31.1303 24.3989 30.9364C23.8818 30.7424 23.6198 30.166 23.8137 29.6489L25.557 25H21C20.672 25 20.3649 24.8392 20.1781 24.5696C19.9913 24.3 19.9485 23.956 20.0637 23.6489L22.3137 17.6489C22.5076 17.1318 23.084 16.8698 23.6011 17.0637Z\" fill=\"currentColor\"\/><\/g><defs><clipPath id=\"clip0_101_2650\"><rect width=\"48\" height=\"48\" fill=\"white\"\/><\/clipPath><\/defs><\/svg>\t\t\t\t\t<\/div>\n\t\t\t\t\n\t\t\t\t<span id=\"link-list-item-text\" class=\"t2-link-list-item__text\">\n\t\t\t\t\tElbillader\t\t\t\t<\/span>\n\t\t\t\t<span id=\"link-list-item-description\" class=\"t2-link-list-item__description\">Smarte ladel\u00f8sninger hjemme og p\u00e5 jobben<\/span>\t\t\t<\/div>\n\t\t<\/a>\n\t<\/li>\n\t\n\n\t<li class=\"t2-link-list-item wp-block-t2-link-list-item\">\n\t\t<a\n\t\t\thref=\"https:\/\/neas.no\/bedrift\/bredband\/\"\n\t\t\tclass=\"t2-link-list-item__link t2-link-list__icon--center\"\n\t\t\t\t\t>\n\t\t\t\t\t\t<div class=\"t2-link-list-item__content\">\n\n\t\t\t\t\t\t\t\t\t<div class=\"t2-link-list-item__content-icon\">\n\t\t\t\t\t\t<svg xmlns=\"http:\/\/www.w3.org\/2000\/svg\" viewBox=\"0 0 48 48\" height=\"48\" width=\"48\" class=\"t2-icon t2-icon-internet\" aria-hidden=\"true\" focusable=\"false\"><g clip-path=\"url(#clip0_384_3297)\"><path fill-rule=\"evenodd\" clip-rule=\"evenodd\" d=\"M24 8.5C15.4396 8.5 8.5 15.4396 8.5 24C8.5 32.5604 15.4396 39.5 24 39.5C32.5604 39.5 39.5 32.5604 39.5 24C39.5 19.2161 37.3339 14.939 33.9254 12.0942C31.9237 10.4235 28.9582 10.6824 27.126 12.6481C24.6852 15.2667 22.5217 19.1006 24.4261 23.611C24.641 24.1198 24.4027 24.7064 23.8939 24.9212C23.3851 25.1361 22.7985 24.8978 22.5836 24.389C20.2153 18.7799 23.0291 14.1102 25.6629 11.2845C28.1642 8.60091 32.3293 8.1569 35.207 10.5587C39.0513 13.7673 41.5 18.5981 41.5 24C41.5 33.665 33.665 41.5 24 41.5C14.335 41.5 6.5 33.665 6.5 24C6.5 14.335 14.335 6.5 24 6.5C24.5523 6.5 25 6.94772 25 7.5C25 8.05228 24.5523 8.5 24 8.5Z\" fill=\"currentColor\"\/><path fill-rule=\"evenodd\" clip-rule=\"evenodd\" d=\"M42.4623 12.5987C41.3915 11.3839 38.9699 10.7509 35.4229 12.4062L34.5771 10.5938C38.5301 8.74903 42.0585 9.11598 43.9627 11.2762C45.8795 13.4508 45.6621 16.8791 43.3064 20.0914C41.8354 22.0973 39.0549 24.5353 35.6997 26.9569C32.3216 29.395 28.2812 31.8731 24.218 33.9469C20.1625 36.0168 16.042 37.7056 12.5098 38.5366C9.80837 39.1721 6.1594 39.7394 3.84919 37.7591C0.0476887 34.5004 4.08847 27.6441 7.59382 26.0862L8.4061 27.9138C6.27883 28.8592 2.54947 34.0107 5.15082 36.2406C6.90791 37.7468 10.0543 37.0597 12.0517 36.5897C15.3666 35.8099 19.3272 34.1977 23.3088 32.1655C27.2829 30.1372 31.2358 27.7122 34.5292 25.3352C37.8454 22.9418 40.4147 20.6526 41.6936 18.9086C43.7379 16.1209 43.5205 13.7991 42.4623 12.5987Z\" fill=\"currentColor\"\/><\/g><defs><clipPath id=\"clip0_384_3297\"><rect width=\"48\" height=\"48\" fill=\"white\"\/><\/clipPath><\/defs><\/svg>\t\t\t\t\t<\/div>\n\t\t\t\t\n\t\t\t\t<span id=\"link-list-item-text-1\" class=\"t2-link-list-item__text\">\n\t\t\t\t\tInternett\t\t\t\t<\/span>\n\t\t\t\t<span id=\"link-list-item-description-1\" class=\"t2-link-list-item__description\">F\u00e5 fart p\u00e5 sakene med internett fra Neas<\/span>\t\t\t<\/div>\n\t\t<\/a>\n\t<\/li>\n\t\n\n\t<li class=\"t2-link-list-item wp-block-t2-link-list-item\">\n\t\t<a\n\t\t\thref=\"\"\n\t\t\tclass=\"t2-link-list-item__link t2-link-list__icon--center\"\n\t\t\t\t\t>\n\t\t\t\t\t\t<div class=\"t2-link-list-item__content\">\n\n\t\t\t\t\t\t\t\t\t<div class=\"t2-link-list-item__content-icon\">\n\t\t\t\t\t\t<svg xmlns=\"http:\/\/www.w3.org\/2000\/svg\" viewBox=\"0 0 48 48\" height=\"48\" width=\"48\" class=\"t2-icon t2-icon-it\" aria-hidden=\"true\" focusable=\"false\"><g clip-path=\"url(#clip0_105_2791)\"><path fill-rule=\"evenodd\" clip-rule=\"evenodd\" d=\"M44 18C44 16.8954 43.1046 16 42 16H33C31.8954 16 31 16.8954 31 18V36C31 37.1046 31.8954 38 33 38H42C43.1046 38 44 37.1046 44 36V18ZM42 14C44.2091 14 46 15.7909 46 18V36C46 38.2091 44.2091 40 42 40H33C30.7909 40 29 38.2091 29 36V18C29 15.7909 30.7909 14 33 14H42Z\" fill=\"currentColor\"\/><path fill-rule=\"evenodd\" clip-rule=\"evenodd\" d=\"M16 39C16 38.4477 16.4477 38 17 38H24C24.5523 38 25 38.4477 25 39C25 39.5523 24.5523 40 24 40H17C16.4477 40 16 39.5523 16 39Z\" fill=\"currentColor\"\/><path fill-rule=\"evenodd\" clip-rule=\"evenodd\" d=\"M7.90909 10C7.41287 10 6.93052 10.203 6.56995 10.5748C6.20838 10.9477 6 11.4598 6 12V30C6 30.5402 6.20838 31.0523 6.56995 31.4252C6.93052 31.797 7.41287 32 7.90909 32H29.7273C30.2796 32 30.7273 32.4477 30.7273 33C30.7273 33.5523 30.2796 34 29.7273 34H7.90909C6.86223 34 5.86471 33.5709 5.13415 32.8175C4.40461 32.0651 4 31.0511 4 30V12C4 10.9489 4.40461 9.93488 5.13415 9.18253C5.86471 8.42915 6.86223 8 7.90909 8H34.0909C35.1378 8 36.1353 8.42915 36.8658 9.18253C37.5954 9.93488 38 10.9489 38 12V15C38 15.5523 37.5523 16 37 16C36.4477 16 36 15.5523 36 15V12C36 11.4598 35.7916 10.9477 35.43 10.5748C35.0695 10.203 34.5871 10 34.0909 10H7.90909Z\" fill=\"currentColor\"\/><path fill-rule=\"evenodd\" clip-rule=\"evenodd\" d=\"M35 21C35 20.4477 35.4477 20 36 20H39C39.5523 20 40 20.4477 40 21C40 21.5523 39.5523 22 39 22H36C35.4477 22 35 21.5523 35 21Z\" fill=\"currentColor\"\/><\/g><defs><clipPath id=\"clip0_105_2791\"><rect width=\"48\" height=\"48\" fill=\"white\"\/><\/clipPath><\/defs><\/svg>\t\t\t\t\t<\/div>\n\t\t\t\t\n\t\t\t\t<span id=\"link-list-item-text-2\" class=\"t2-link-list-item__text\">\n\t\t\t\t\tIT \t\t\t\t<\/span>\n\t\t\t\t<span id=\"link-list-item-description-2\" class=\"t2-link-list-item__description\">Helhetlige IT-l\u00f8sninger gj\u00f8r arbeidsdagen mer effektiv<\/span>\t\t\t<\/div>\n\t\t<\/a>\n\t<\/li>\n\t\n\n\t<li class=\"t2-link-list-item wp-block-t2-link-list-item\">\n\t\t<a\n\t\t\thref=\"https:\/\/neas.no\/bedrift\/strom\/\"\n\t\t\tclass=\"t2-link-list-item__link t2-link-list__icon--center\"\n\t\t\t\t\t>\n\t\t\t\t\t\t<div class=\"t2-link-list-item__content\">\n\n\t\t\t\t\t\t\t\t\t<div class=\"t2-link-list-item__content-icon\">\n\t\t\t\t\t\t<svg xmlns=\"http:\/\/www.w3.org\/2000\/svg\" viewBox=\"0 0 48 48\" height=\"48\" width=\"48\" class=\"t2-icon t2-icon-lightbulb\" aria-hidden=\"true\" focusable=\"false\"><g clip-path=\"url(#clip0_199_3062)\"><path fill-rule=\"evenodd\" clip-rule=\"evenodd\" d=\"M17 44C17 43.4477 17.4477 43 18 43L30 43C30.5523 43 31 43.4477 31 44C31 44.5523 30.5523 45 30 45L18 45C17.4477 45 17 44.5523 17 44Z\" fill=\"currentColor\"\/><path fill-rule=\"evenodd\" clip-rule=\"evenodd\" d=\"M24 26C24.5523 26 25 26.4477 25 27L25 38C25 38.5523 24.5523 39 24 39C23.4477 39 23 38.5523 23 38L23 27C23 26.4477 23.4477 26 24 26Z\" fill=\"currentColor\"\/><path fill-rule=\"evenodd\" clip-rule=\"evenodd\" d=\"M17.2929 20.2929C17.6834 19.9024 18.3166 19.9024 18.7071 20.2929L24 25.5858L29.2929 20.2929C29.6834 19.9024 30.3166 19.9024 30.7071 20.2929C31.0976 20.6834 31.0976 21.3166 30.7071 21.7071L24.7071 27.7071C24.3166 28.0976 23.6834 28.0976 23.2929 27.7071L17.2929 21.7071C16.9024 21.3166 16.9024 20.6834 17.2929 20.2929Z\" fill=\"currentColor\"\/><path fill-rule=\"evenodd\" clip-rule=\"evenodd\" d=\"M31.9035 7.52318C29.4784 5.81087 26.5951 4.93104 23.6625 5.00422L23.6613 5.00425C16.1075 5.18377 9.95799 11.6791 10.0002 19.5386C10.0106 21.7232 10.5015 23.8766 11.4347 25.8355C12.3679 27.7943 13.7186 29.5072 15.3831 30.8468L14.7562 31.6259L15.3818 30.8457C16.0435 31.3764 16.5767 32.0536 16.9428 32.8242C17.3089 33.5947 17.499 34.4395 17.4998 35.2948L17.4998 35.2958L17.4998 36.4548C17.4998 36.6088 17.5595 36.7508 17.6567 36.8509C17.7529 36.95 17.8769 37 17.9998 37H29.9991C30.1219 37 30.246 36.95 30.3422 36.8509C30.4394 36.7508 30.499 36.6088 30.499 36.4548V35.2958L30.4991 35.2917C30.5026 34.4321 30.6961 33.5835 31.0659 32.8101C31.4354 32.0375 31.9718 31.359 32.6367 30.8272C34.9494 28.9558 36.6362 26.3778 37.4521 23.456C38.2684 20.533 38.1704 17.4189 37.1724 14.5571C36.1745 11.6956 34.3291 9.23582 31.9035 7.52318ZM23.6132 3.00483C26.9801 2.92094 30.2844 3.93169 33.0571 5.88939C35.8294 7.84686 37.9281 10.6504 39.0609 13.8985C40.1935 17.1464 40.3044 20.678 39.3784 23.9939C38.4523 27.31 36.5347 30.2466 33.8922 32.384L33.8875 32.3879C33.4603 32.7291 33.1117 33.168 32.8702 33.6729C32.629 34.1774 32.5016 34.7333 32.499 35.2982V36.4548C32.499 37.1203 32.2427 37.7645 31.7773 38.2439C31.3109 38.7244 30.6719 39 29.9991 39H17.9998C17.327 39 16.688 38.7244 16.2216 38.2439C15.7562 37.7645 15.4998 37.1203 15.4998 36.4548L15.4998 35.2968C15.4992 34.7362 15.3745 34.1837 15.1363 33.6824C14.8982 33.1812 14.5535 32.7451 14.1305 32.406L14.1292 32.4049C12.2276 30.8745 10.6898 28.9221 9.62914 26.6957C8.56862 24.4697 8.01212 22.0264 8.00024 19.5493M23.6132 3.00483C14.9122 3.21194 7.9528 10.6588 8.00024 19.5493L23.6132 3.00483Z\" fill=\"currentColor\"\/><\/g><defs><clipPath id=\"clip0_199_3062\"><rect width=\"48\" height=\"48\" fill=\"white\"\/><\/clipPath><\/defs><\/svg>\t\t\t\t\t<\/div>\n\t\t\t\t\n\t\t\t\t<span id=\"link-list-item-text-3\" class=\"t2-link-list-item__text\">\n\t\t\t\t\tStr\u00f8m\t\t\t\t<\/span>\n\t\t\t\t<span id=\"link-list-item-description-3\" class=\"t2-link-list-item__description\">Stabil og p\u00e5litelig kraft til bedrifter<\/span>\t\t\t<\/div>\n\t\t<\/a>\n\t<\/li>\n\t\n<\/ul>","protected":false},"excerpt":{"rendered":"","protected":false},"author":3,"featured_media":0,"parent":0,"menu_order":0,"comment_status":"closed","ping_status":"closed","template":"","meta":{"t2_featured_media_focal_point":{"x":0.5,"y":0.5},"footnotes":""},"class_list":["post-349","page","type-page","status-publish","hentry"],"yoast_head":"<!-- This site is optimized with the Yoast SEO Premium plugin v26.5 (Yoast SEO v26.9) - https:\/\/yoast.com\/product\/yoast-seo-premium-wordpress\/ -->\n<title>Mobil - Bedrift<\/title>\n<meta name=\"robots\" content=\"index, follow, max-snippet:-1, max-image-preview:large, max-video-preview:-1\" \/>\n<link rel=\"canonical\" href=\"https:\/\/neas.no\/bedrift\/mobil\/\" \/>\n<meta property=\"og:locale\" content=\"nb_NO\" \/>\n<meta property=\"og:type\" content=\"article\" \/>\n<meta property=\"og:title\" content=\"Mobil\" \/>\n<meta property=\"og:url\" content=\"https:\/\/neas.no\/bedrift\/mobil\/\" \/>\n<meta property=\"og:site_name\" content=\"Bedrift\" \/>\n<meta property=\"article:modified_time\" content=\"2025-05-20T12:14:11+00:00\" \/>\n<meta name=\"twitter:card\" content=\"summary_large_image\" \/>\n<meta name=\"twitter:label1\" content=\"Ansl. lesetid\" \/>\n\t<meta name=\"twitter:data1\" content=\"1 minutt\" \/>\n<script type=\"application\/ld+json\" class=\"yoast-schema-graph\">{\"@context\":\"https:\/\/schema.org\",\"@graph\":[{\"@type\":\"WebPage\",\"@id\":\"https:\/\/neas.no\/bedrift\/mobil\/\",\"url\":\"https:\/\/neas.no\/bedrift\/mobil\/\",\"name\":\"Mobil - Bedrift\",\"isPartOf\":{\"@id\":\"https:\/\/neas.no\/bedrift\/#website\"},\"datePublished\":\"2025-05-13T09:33:58+00:00\",\"dateModified\":\"2025-05-20T12:14:11+00:00\",\"breadcrumb\":{\"@id\":\"https:\/\/neas.no\/bedrift\/mobil\/#breadcrumb\"},\"inLanguage\":\"nb-NO\",\"potentialAction\":[{\"@type\":\"ReadAction\",\"target\":[\"https:\/\/neas.no\/bedrift\/mobil\/\"]}]},{\"@type\":\"BreadcrumbList\",\"@id\":\"https:\/\/neas.no\/bedrift\/mobil\/#breadcrumb\",\"itemListElement\":[{\"@type\":\"ListItem\",\"position\":1,\"name\":\"Hjem\",\"item\":\"https:\/\/neas.no\/bedrift\/\"},{\"@type\":\"ListItem\",\"position\":2,\"name\":\"Mobil\"}]},{\"@type\":\"WebSite\",\"@id\":\"https:\/\/neas.no\/bedrift\/#website\",\"url\":\"https:\/\/neas.no\/bedrift\/\",\"name\":\"Bedrift\",\"description\":\"\",\"potentialAction\":[{\"@type\":\"SearchAction\",\"target\":{\"@type\":\"EntryPoint\",\"urlTemplate\":\"https:\/\/neas.no\/bedrift\/?s={search_term_string}\"},\"query-input\":{\"@type\":\"PropertyValueSpecification\",\"valueRequired\":true,\"valueName\":\"search_term_string\"}}],\"inLanguage\":\"nb-NO\"}]}<\/script>\n<!-- \/ Yoast SEO Premium plugin. -->","yoast_head_json":{"title":"Mobil - Bedrift","robots":{"index":"index","follow":"follow","max-snippet":"max-snippet:-1","max-image-preview":"max-image-preview:large","max-video-preview":"max-video-preview:-1"},"canonical":"https:\/\/neas.no\/bedrift\/mobil\/","og_locale":"nb_NO","og_type":"article","og_title":"Mobil","og_url":"https:\/\/neas.no\/bedrift\/mobil\/","og_site_name":"Bedrift","article_modified_time":"2025-05-20T12:14:11+00:00","twitter_card":"summary_large_image","twitter_misc":{"Ansl. lesetid":"1 minutt"},"schema":{"@context":"https:\/\/schema.org","@graph":[{"@type":"WebPage","@id":"https:\/\/neas.no\/bedrift\/mobil\/","url":"https:\/\/neas.no\/bedrift\/mobil\/","name":"Mobil - Bedrift","isPartOf":{"@id":"https:\/\/neas.no\/bedrift\/#website"},"datePublished":"2025-05-13T09:33:58+00:00","dateModified":"2025-05-20T12:14:11+00:00","breadcrumb":{"@id":"https:\/\/neas.no\/bedrift\/mobil\/#breadcrumb"},"inLanguage":"nb-NO","potentialAction":[{"@type":"ReadAction","target":["https:\/\/neas.no\/bedrift\/mobil\/"]}]},{"@type":"BreadcrumbList","@id":"https:\/\/neas.no\/bedrift\/mobil\/#breadcrumb","itemListElement":[{"@type":"ListItem","position":1,"name":"Hjem","item":"https:\/\/neas.no\/bedrift\/"},{"@type":"ListItem","position":2,"name":"Mobil"}]},{"@type":"WebSite","@id":"https:\/\/neas.no\/bedrift\/#website","url":"https:\/\/neas.no\/bedrift\/","name":"Bedrift","description":"","potentialAction":[{"@type":"SearchAction","target":{"@type":"EntryPoint","urlTemplate":"https:\/\/neas.no\/bedrift\/?s={search_term_string}"},"query-input":{"@type":"PropertyValueSpecification","valueRequired":true,"valueName":"search_term_string"}}],"inLanguage":"nb-NO"}]}},"_links":{"self":[{"href":"https:\/\/neas.no\/bedrift\/wp-json\/wp\/v2\/pages\/349","targetHints":{"allow":["GET"]}}],"collection":[{"href":"https:\/\/neas.no\/bedrift\/wp-json\/wp\/v2\/pages"}],"about":[{"href":"https:\/\/neas.no\/bedrift\/wp-json\/wp\/v2\/types\/page"}],"author":[{"embeddable":true,"href":"https:\/\/neas.no\/bedrift\/wp-json\/wp\/v2\/users\/3"}],"replies":[{"embeddable":true,"href":"https:\/\/neas.no\/bedrift\/wp-json\/wp\/v2\/comments?post=349"}],"version-history":[{"count":5,"href":"https:\/\/neas.no\/bedrift\/wp-json\/wp\/v2\/pages\/349\/revisions"}],"predecessor-version":[{"id":371,"href":"https:\/\/neas.no\/bedrift\/wp-json\/wp\/v2\/pages\/349\/revisions\/371"}],"wp:attachment":[{"href":"https:\/\/neas.no\/bedrift\/wp-json\/wp\/v2\/media?parent=349"}],"curies":[{"name":"wp","href":"https:\/\/api.w.org\/{rel}","templated":true}]}}