{"id":372,"date":"2025-06-16T12:57:30","date_gmt":"2025-06-16T12:57:30","guid":{"rendered":"https:\/\/neas.no\/bedrift\/?page_id=372"},"modified":"2025-07-15T09:05:19","modified_gmt":"2025-07-15T09:05:19","slug":"vilkar-og-betingelser","status":"publish","type":"page","link":"https:\/\/neas.no\/bedrift\/vilkar-og-betingelser\/","title":{"rendered":"Vilk\u00e5r og betingelser"},"content":{"rendered":"\n<p>Her har du en samlet oversikt over vilk\u00e5r, betingelser for bedrifter.<\/p>\n\n\n\n<p><strong>Fiber<\/strong><\/p>\n\n\n\n<p><a href=\"https:\/\/neas.no\/content\/uploads\/2025\/06\/Vilkar-for-bredband-fiber-bedrift.pdf\" target=\"_blank\" rel=\"noreferrer noopener\">Vilk\u00e5r bredb\u00e5nd bedrift<\/a><\/p>\n\n\n\n<p><strong>Str\u00f8m<\/strong><\/p>\n\n\n\n<p><a href=\"https:\/\/neas.no\/content\/uploads\/2025\/07\/Vilkar-stromleveranse-NEAS-2025.pdf\" target=\"_blank\" rel=\"noreferrer noopener\">Vilk\u00e5r str\u00f8mleveranse<\/a><\/p>\n\n\n\n<p><a href=\"https:\/\/neas.no\/content\/uploads\/2025\/07\/Vilkar-stromprodukter-NEAS-2025.pdf\" target=\"_blank\" rel=\"noreferrer noopener\">Vilk\u00e5r str\u00f8mprodukter<\/a><\/p>\n\n\n\n<p><strong>Ladeplattform<\/strong><\/p>\n\n\n\n<p><a href=\"https:\/\/neas.no\/content\/uploads\/2025\/07\/Alminnelige-vilkar-elbillading-beboer-i-boligselskap.pdf\" target=\"_blank\" rel=\"noreferrer noopener\">Alminnelige vilk\u00e5r elbillading beboer i boligselskap<\/a><\/p>\n\n\n\n<p><a href=\"https:\/\/neas.no\/content\/uploads\/2025\/07\/Alminnelige-vilkar-elbillading-boligselskap.pdf\" target=\"_blank\" rel=\"noreferrer noopener\">Alminnelig vilk\u00e5r elbillading boligselskap<\/a><\/p>\n\n\n\n<p><strong>Kollektive avtaler<\/strong><\/p>\n\n\n\n<p><a href=\"https:\/\/neas.no\/content\/uploads\/2025\/07\/Alminnelige-vilkar-for-avtale-om-tilknytning-til-fiber-og-bredbandnett-og-levering-av-tjenester-Boligselskap.pdf\" target=\"_blank\" rel=\"noreferrer noopener\">Alminnelige vilk\u00e5r for avtale om tilknytning til fiber og bredb\u00e5ndnett og levering av tjenester &#8211; Boligselskap<\/a><\/p>\n\n\n\n<p><strong>Sol<\/strong><\/p>\n\n\n\n<p><a href=\"https:\/\/neas.no\/content\/uploads\/2025\/07\/Generelle-salgs-og-leveringsbetingelser-i-naeringsforhold.pdf\" target=\"_blank\" rel=\"noreferrer noopener\">Generelle salgs- og leveringsbetingelser i n\u00e6ringsforhold<\/a><\/p>\n\n\n\n<p><\/p>\n","protected":false},"excerpt":{"rendered":"<p>Her har du en samlet oversikt over vilk\u00e5r, betingelser for bedrifter. Fiber Vilk\u00e5r bredb\u00e5nd bedrift Str\u00f8m Vilk\u00e5r str\u00f8mleveranse Vilk\u00e5r str\u00f8mprodukter Ladeplattform Alminnelige vilk\u00e5r elbillading beboer i boligselskap Alminnelig vilk\u00e5r elbillading boligselskap Kollektive avtaler Alminnelige vilk\u00e5r for avtale om tilknytning til&#8230;<\/p>\n","protected":false},"author":2,"featured_media":0,"parent":0,"menu_order":0,"comment_status":"closed","ping_status":"closed","template":"","meta":{"t2_featured_media_focal_point":{"x":0.5,"y":0.5},"footnotes":""},"class_list":["post-372","page","type-page","status-publish","hentry"],"yoast_head":"<!-- This site is optimized with the Yoast SEO Premium plugin v26.5 (Yoast SEO v26.9) - https:\/\/yoast.com\/product\/yoast-seo-premium-wordpress\/ -->\n<title>Vilk\u00e5r og betingelser - Bedrift<\/title>\n<meta name=\"robots\" content=\"index, follow, max-snippet:-1, max-image-preview:large, max-video-preview:-1\" \/>\n<link rel=\"canonical\" href=\"https:\/\/neas.no\/bedrift\/vilkar-og-betingelser\/\" \/>\n<meta property=\"og:locale\" content=\"nb_NO\" \/>\n<meta property=\"og:type\" content=\"article\" \/>\n<meta property=\"og:title\" content=\"Vilk\u00e5r og betingelser\" \/>\n<meta property=\"og:description\" content=\"Her har du en samlet oversikt over vilk\u00e5r, betingelser for bedrifter. Fiber Vilk\u00e5r bredb\u00e5nd bedrift Str\u00f8m Vilk\u00e5r str\u00f8mleveranse Vilk\u00e5r str\u00f8mprodukter Ladeplattform Alminnelige vilk\u00e5r elbillading beboer i boligselskap Alminnelig vilk\u00e5r elbillading boligselskap Kollektive avtaler Alminnelige vilk\u00e5r for avtale om tilknytning til...\" \/>\n<meta property=\"og:url\" content=\"https:\/\/neas.no\/bedrift\/vilkar-og-betingelser\/\" \/>\n<meta property=\"og:site_name\" content=\"Bedrift\" \/>\n<meta property=\"article:modified_time\" content=\"2025-07-15T09:05:19+00:00\" \/>\n<meta name=\"twitter:card\" content=\"summary_large_image\" \/>\n<meta name=\"twitter:label1\" content=\"Ansl. lesetid\" \/>\n\t<meta name=\"twitter:data1\" content=\"1 minutt\" \/>\n<script type=\"application\/ld+json\" class=\"yoast-schema-graph\">{\"@context\":\"https:\/\/schema.org\",\"@graph\":[{\"@type\":\"WebPage\",\"@id\":\"https:\/\/neas.no\/bedrift\/vilkar-og-betingelser\/\",\"url\":\"https:\/\/neas.no\/bedrift\/vilkar-og-betingelser\/\",\"name\":\"Vilk\u00e5r og betingelser - Bedrift\",\"isPartOf\":{\"@id\":\"https:\/\/neas.no\/bedrift\/#website\"},\"datePublished\":\"2025-06-16T12:57:30+00:00\",\"dateModified\":\"2025-07-15T09:05:19+00:00\",\"breadcrumb\":{\"@id\":\"https:\/\/neas.no\/bedrift\/vilkar-og-betingelser\/#breadcrumb\"},\"inLanguage\":\"nb-NO\",\"potentialAction\":[{\"@type\":\"ReadAction\",\"target\":[\"https:\/\/neas.no\/bedrift\/vilkar-og-betingelser\/\"]}]},{\"@type\":\"BreadcrumbList\",\"@id\":\"https:\/\/neas.no\/bedrift\/vilkar-og-betingelser\/#breadcrumb\",\"itemListElement\":[{\"@type\":\"ListItem\",\"position\":1,\"name\":\"Hjem\",\"item\":\"https:\/\/neas.no\/bedrift\/\"},{\"@type\":\"ListItem\",\"position\":2,\"name\":\"Vilk\u00e5r og betingelser\"}]},{\"@type\":\"WebSite\",\"@id\":\"https:\/\/neas.no\/bedrift\/#website\",\"url\":\"https:\/\/neas.no\/bedrift\/\",\"name\":\"Bedrift\",\"description\":\"\",\"potentialAction\":[{\"@type\":\"SearchAction\",\"target\":{\"@type\":\"EntryPoint\",\"urlTemplate\":\"https:\/\/neas.no\/bedrift\/?s={search_term_string}\"},\"query-input\":{\"@type\":\"PropertyValueSpecification\",\"valueRequired\":true,\"valueName\":\"search_term_string\"}}],\"inLanguage\":\"nb-NO\"}]}<\/script>\n<!-- \/ Yoast SEO Premium plugin. -->","yoast_head_json":{"title":"Vilk\u00e5r og betingelser - Bedrift","robots":{"index":"index","follow":"follow","max-snippet":"max-snippet:-1","max-image-preview":"max-image-preview:large","max-video-preview":"max-video-preview:-1"},"canonical":"https:\/\/neas.no\/bedrift\/vilkar-og-betingelser\/","og_locale":"nb_NO","og_type":"article","og_title":"Vilk\u00e5r og betingelser","og_description":"Her har du en samlet oversikt over vilk\u00e5r, betingelser for bedrifter. Fiber Vilk\u00e5r bredb\u00e5nd bedrift Str\u00f8m Vilk\u00e5r str\u00f8mleveranse Vilk\u00e5r str\u00f8mprodukter Ladeplattform Alminnelige vilk\u00e5r elbillading beboer i boligselskap Alminnelig vilk\u00e5r elbillading boligselskap Kollektive avtaler Alminnelige vilk\u00e5r for avtale om tilknytning til...","og_url":"https:\/\/neas.no\/bedrift\/vilkar-og-betingelser\/","og_site_name":"Bedrift","article_modified_time":"2025-07-15T09:05:19+00:00","twitter_card":"summary_large_image","twitter_misc":{"Ansl. lesetid":"1 minutt"},"schema":{"@context":"https:\/\/schema.org","@graph":[{"@type":"WebPage","@id":"https:\/\/neas.no\/bedrift\/vilkar-og-betingelser\/","url":"https:\/\/neas.no\/bedrift\/vilkar-og-betingelser\/","name":"Vilk\u00e5r og betingelser - Bedrift","isPartOf":{"@id":"https:\/\/neas.no\/bedrift\/#website"},"datePublished":"2025-06-16T12:57:30+00:00","dateModified":"2025-07-15T09:05:19+00:00","breadcrumb":{"@id":"https:\/\/neas.no\/bedrift\/vilkar-og-betingelser\/#breadcrumb"},"inLanguage":"nb-NO","potentialAction":[{"@type":"ReadAction","target":["https:\/\/neas.no\/bedrift\/vilkar-og-betingelser\/"]}]},{"@type":"BreadcrumbList","@id":"https:\/\/neas.no\/bedrift\/vilkar-og-betingelser\/#breadcrumb","itemListElement":[{"@type":"ListItem","position":1,"name":"Hjem","item":"https:\/\/neas.no\/bedrift\/"},{"@type":"ListItem","position":2,"name":"Vilk\u00e5r og betingelser"}]},{"@type":"WebSite","@id":"https:\/\/neas.no\/bedrift\/#website","url":"https:\/\/neas.no\/bedrift\/","name":"Bedrift","description":"","potentialAction":[{"@type":"SearchAction","target":{"@type":"EntryPoint","urlTemplate":"https:\/\/neas.no\/bedrift\/?s={search_term_string}"},"query-input":{"@type":"PropertyValueSpecification","valueRequired":true,"valueName":"search_term_string"}}],"inLanguage":"nb-NO"}]}},"_links":{"self":[{"href":"https:\/\/neas.no\/bedrift\/wp-json\/wp\/v2\/pages\/372","targetHints":{"allow":["GET"]}}],"collection":[{"href":"https:\/\/neas.no\/bedrift\/wp-json\/wp\/v2\/pages"}],"about":[{"href":"https:\/\/neas.no\/bedrift\/wp-json\/wp\/v2\/types\/page"}],"author":[{"embeddable":true,"href":"https:\/\/neas.no\/bedrift\/wp-json\/wp\/v2\/users\/2"}],"replies":[{"embeddable":true,"href":"https:\/\/neas.no\/bedrift\/wp-json\/wp\/v2\/comments?post=372"}],"version-history":[{"count":3,"href":"https:\/\/neas.no\/bedrift\/wp-json\/wp\/v2\/pages\/372\/revisions"}],"predecessor-version":[{"id":395,"href":"https:\/\/neas.no\/bedrift\/wp-json\/wp\/v2\/pages\/372\/revisions\/395"}],"wp:attachment":[{"href":"https:\/\/neas.no\/bedrift\/wp-json\/wp\/v2\/media?parent=372"}],"curies":[{"name":"wp","href":"https:\/\/api.w.org\/{rel}","templated":true}]}}