{"id":84,"date":"2024-10-03T14:31:35","date_gmt":"2024-10-03T14:31:35","guid":{"rendered":"https:\/\/neas.no\/bedrift\/?page_id=84"},"modified":"2025-02-04T10:29:51","modified_gmt":"2025-02-04T10:29:51","slug":"elbillader","status":"publish","type":"page","link":"https:\/\/neas.no\/bedrift\/elbillader\/","title":{"rendered":"Elbillader"},"content":{"rendered":"\t<div class=\"alignfull neas-hero-image-position-right layout-50x50 is-compressed wp-block-neas-hero\">\n\t\t<div class=\"neas-hero__container\">\n\t\t\t<div class=\"neas-hero__image-container\">\n\t\t\t\t<img loading=\"lazy\" decoding=\"async\" width=\"768\" height=\"576\" src=\"https:\/\/neas.no\/content\/uploads\/2024\/09\/Utsikt-over-fjellkjedel-paa-Oppdal-768x576.jpg\" class=\"wp-image-131 size-medium_large attachment-medium_large neas-hero__image\" alt=\"\" style=\"--focalpoint: 50% 50%;\" srcset=\"https:\/\/neas.no\/content\/uploads\/2024\/09\/Utsikt-over-fjellkjedel-paa-Oppdal-768x576.jpg 768w, https:\/\/neas.no\/content\/uploads\/2024\/09\/Utsikt-over-fjellkjedel-paa-Oppdal-300x225.jpg 300w, https:\/\/neas.no\/content\/uploads\/2024\/09\/Utsikt-over-fjellkjedel-paa-Oppdal-1024x768.jpg 1024w, https:\/\/neas.no\/content\/uploads\/2024\/09\/Utsikt-over-fjellkjedel-paa-Oppdal-1536x1152.jpg 1536w, https:\/\/neas.no\/content\/uploads\/2024\/09\/Utsikt-over-fjellkjedel-paa-Oppdal.jpg 2000w\" sizes=\"auto, (max-width: 768px) 100vw, 768px\" \/>\t\t\t<\/div>\n\t\t\t<div class=\"neas-hero__content has-background has-neutral-400-background-color has-color has-primary-green-color\">\n\t\t\t\t\n\n<h1 class=\"wp-block-heading\" id=\"h-ladelosninger-tilpasset-dine-behov\">Ladel\u00f8sninger tilpasset dine behov<\/h1>\n\n\n\n<p>Vi leverer komplette ladel\u00f8sninger til alle typer n\u00e6ringsbygg, borettslag og sameier. Utnytt str\u00f8mmen og f\u00e5 raskest mulig lading. Med en smart og kraftig elbillader som automatisk tilpasser seg alle elbiler, str\u00f8mstyrker og str\u00f8mnett kan du lade trygt og effektivt. Om du er hjemme, p\u00e5 jobben eller i borettslaget.<\/p>\n\n\n\n<div class=\"wp-block-buttons is-layout-flex wp-block-buttons-is-layout-flex\">\n<div class=\"wp-block-button has-icon has-icon-arrow\"><a class=\"wp-block-button__link has-green-background-color has-background wp-element-button\" href=\"#kontaktoss\">Kontakt oss for en ladeprat<svg xmlns=\"http:\/\/www.w3.org\/2000\/svg\" viewBox=\"0 0 24 24\" height=\"24\" width=\"24\" class=\"t2-icon t2-icon-arrow\" aria-hidden=\"true\" focusable=\"false\"><path d=\"M15.317 5.237c-.585.127-1.113.243-1.172.258-.1.025-.106.039-.083.176.286 1.672.863 2.866 1.91 3.957.54.562 1.127.964 1.808 1.239l.32.13-8.05.001L2 11v2l8.03.001 8.03.002-.286.112c-.603.239-1.108.577-1.669 1.121-1.108 1.074-1.765 2.388-2.043 4.087l-.023.144 1.19.264c.654.145 1.193.26 1.198.255.005-.004.028-.206.051-.447.166-1.688.673-2.854 1.68-3.861.652-.652 1.338-1.072 2.256-1.379.392-.131 1.218-.299 1.47-.299H22v-1.993l-.15-.022c-.082-.013-.24-.034-.35-.048a8.258 8.258 0 0 1-1.3-.319 5.467 5.467 0 0 1-3.092-2.758c-.355-.713-.54-1.452-.649-2.59-.014-.148-.037-.268-.052-.267-.015.002-.506.108-1.09.234\"\/><\/svg><\/a><\/div>\n<\/div>\n\n\t\t\t<\/div>\n\t\t<\/div>\n\t<\/div>\n\t\n\n<div class=\"yoast-breadcrumbs\"><span><span><a href=\"https:\/\/neas.no\/bedrift\/\">Hjem<\/a><\/span> <span class=\"breadcrumb-separator\"><svg xmlns=\"http:\/\/www.w3.org\/2000\/svg\" viewBox=\"0 0 24 24\" height=\"24\" width=\"24\" class=\"t2-icon t2-icon-chevron\" aria-hidden=\"true\" focusable=\"false\"><path d=\"M10.193 5.255c-.632.136-1.159.258-1.172.271-.038.037.084.687.216 1.157.555 1.974 2.023 3.671 3.663 4.236l.2.069.011.999.01 1-.17.051c-.531.158-1.267.62-1.822 1.142A6.717 6.717 0 0 0 9.4 16.8a10.094 10.094 0 0 0-.378 1.483l-.025.183 1.191.265c.655.145 1.198.257 1.207.247.009-.009.032-.201.051-.427.134-1.599.681-2.863 1.674-3.87a5.648 5.648 0 0 1 2.223-1.359c.449-.15 1.273-.322 1.541-.322H17v-1c0-.55-.014-1-.03-1.001-.017 0-.218-.027-.449-.06-.819-.116-1.722-.419-2.315-.775-.902-.542-1.735-1.455-2.163-2.369a6.827 6.827 0 0 1-.582-2.205c-.032-.426-.058-.591-.093-.586-.015.002-.544.115-1.175.251\"\/><\/svg><\/span> <span class=\"breadcrumb_last\" aria-current=\"page\">Elbillader<\/span><\/span><\/div>\n\n\n\t\t<div class=\"t2-title-content alignwide wp-block-t2-title-content\">\n\t\t\t<div class=\"t2-title-content__title-wrapper\">\n\t\t\t\t<h2 class=\"t2-title-content__title\">NEAS Ladeplattform<\/h2>\n\t\t\t<\/div>\n\t\t\t<div class=\"t2-title-content__content is-layout-flow\">\n\n<p class=\"has-heading-2-font-size\">Lading til n\u00e6ringsbygg<\/p>\n\n\n\n<p>Med NEAS Ladeplattform kan du og din bedrift lade firmabiler, ansattes privatbiler, samt gjesters og kunders biler med arbeidsplassladere. Vi hjelper dere med \u00e5 finne det ladeoppsettet som passer din bedrift!&nbsp;<\/p>\n\n\n\n<p>Vi tar h\u00e5nd om hele prosessen fra tilbud til installasjon og driftsettelse av ladeanlegget p\u00e5 din lokasjon.&nbsp;<\/p>\n\n\n\n<p class=\"has-heading-3-font-size\">Hvorfor egen lader p\u00e5 arbeidsplassen?<\/p>\n\n\n\n<ul class=\"wp-block-list\">\n<li>Gi de ansatte en effektiv arbeidsdag med fulladet bil p\u00e5 morgenen<\/li>\n\n\n\n<li>Easee ladebokser passer alle elektriske- og hybridbiler<\/li>\n\n\n\n<li>Et totalkonsept for b\u00e5de firmabiler, ansattes privatbiler og gjester private biler<\/li>\n\n\n\n<li>\u00d8nsker din bedrift en ekstra inntektsskilde? Da kan laderne gj\u00f8res offentlig. Firmabiler lader alltid kostnadsfritt i ladel\u00f8sningen. Dere bestemmer ladepris per kWh.&nbsp;<\/li>\n\n\n\n<li>Det er lett og rimelig \u00e5 utvide med flere ladebokser&nbsp;<\/li>\n\n\n\n<li>NEAS Ladeplattform gj\u00f8re det mulig \u00e5 hente ut b\u00e6rekraftsrapportering som inneholder oversikt over besparelser som er gjort ift. CO2-utslipp til bruk av elbil \/ lading av elbil i ladesystemet for din bedrift<\/li>\n\n\n\n<li>Vi tilbyr oppmerking med skilt og klistremerker &#8211; helt kostnadsfritt!<\/li>\n<\/ul>\n\n<\/div>\n\t\t<\/div>\n\n\n\t\t<div class=\"t2-title-content alignwide wp-block-t2-title-content\">\n\t\t\t<div class=\"t2-title-content__title-wrapper\">\n\t\t\t\t<h2 class=\"t2-title-content__title\">Kontakt oss for en hyggelig prat<\/h2>\n\t\t\t<\/div>\n\t\t\t<div class=\"t2-title-content__content is-layout-flow\">\n\n<p id=\"kontaktoss\"><\/p>\n\n<\/div>\n\t\t<\/div>\n\n<div class=\"t2-featured-content-layout alignwide alignwide wp-block-t2-featured-content-layout\" role=\"list\">\n<div class=\"t2-featured-single-post t2-featured-content is-post-type-person role-salgsansvarlig-bedrift department-kunde-og-forretningsutvikling is-style-person-cta wp-block-t2-featured-single-post t2-featured-content-layout-col-6\" role=\"listitem\"><figure style=\"--t2-focal-point: 44% 27%;\" class=\"t2-post-featured-image has-image-ratio-1-1 wp-block-t2-post-featured-image\"><img loading=\"lazy\" decoding=\"async\" width=\"200\" height=\"300\" src=\"https:\/\/neas.no\/content\/uploads\/2025\/05\/Fredrik-Skogrand-200x300.jpg\" class=\"attachment-medium size-medium wp-post-image\" alt=\"\" \/><\/figure>\n\n<div class=\"wp-block-group alignfull post-details is-layout-flow wp-block-group-is-layout-flow\">\n\t<h2 class=\"t2-post-title wp-block-t2-post-title\">Fredrik Skogrand<\/h2>\n\t<div class=\"taxonomy-role wp-block-post-terms\"><span>Salgsansvarlig bedrift<\/span><\/div>\n\t<div class=\"card-info wp-block-t2-people-meta\"><div class=\"card-info__post-meta meta-key-people_email\"><a href=\"mailto:bedrift@neas.no\">bedrift@neas.no<\/a><\/div><div class=\"card-info__post-meta meta-key-people_phone\"><a href=\"tel:90959231\">90959231<\/a><\/div><\/div>\n<\/div>\n\n<\/div>\n\n<div class=\"t2-featured-single-post t2-featured-content is-post-type-person role-salgsanvsarlig-bedrift department-kunde-og-forretningsutvikling is-style-person-cta wp-block-t2-featured-single-post t2-featured-content-layout-col-6\" role=\"listitem\"><figure style=\"--t2-focal-point: 54% 18%;\" class=\"t2-post-featured-image has-image-ratio-1-1 wp-block-t2-post-featured-image\"><img loading=\"lazy\" decoding=\"async\" width=\"200\" height=\"300\" src=\"https:\/\/neas.no\/content\/uploads\/2025\/05\/Sondre-Mathisen-Hoff-200x300.jpg\" class=\"attachment-medium size-medium wp-post-image\" alt=\"\" \/><\/figure>\n\n<div class=\"wp-block-group alignfull post-details is-layout-flow wp-block-group-is-layout-flow\">\n\t<h2 class=\"t2-post-title wp-block-t2-post-title\">Sondre Mathisen Hoff<\/h2>\n\t<div class=\"taxonomy-role wp-block-post-terms\"><span>Salgsanvsarlig Bedrift<\/span><\/div>\n\t<div class=\"card-info wp-block-t2-people-meta\"><div class=\"card-info__post-meta meta-key-people_email\"><a href=\"mailto:bedrift@neas.no\">bedrift@neas.no<\/a><\/div><div class=\"card-info__post-meta meta-key-people_phone\"><a href=\"tel:90086362\">90086362<\/a><\/div><\/div>\n<\/div>\n\n<\/div>\n<\/div>\n\n\n\t\t<div class=\"t2-title-content alignwide wp-block-t2-title-content\">\n\t\t\t<div class=\"t2-title-content__title-wrapper\">\n\t\t\t\t<h2 class=\"t2-title-content__title\">Andre produkter for din bedrift<\/h2>\n\t\t\t<\/div>\n\t\t\t<div class=\"t2-title-content__content is-layout-flow\"><\/div>\n\t\t<\/div>\n\n<ul class=\"t2-link-list has-4-items has-auto-columns alignwide wp-block-t2-link-list\">\n\t<li class=\"t2-link-list-item wp-block-t2-link-list-item\">\n\t\t<a\n\t\t\thref=\"https:\/\/neas.no\/bedrift\/energioptimalisering\/\"\n\t\t\tclass=\"t2-link-list-item__link t2-link-list__icon--center\"\n\t\t\t\t\t>\n\t\t\t\t\t\t<div class=\"t2-link-list-item__content\">\n\n\t\t\t\t\t\t\t\t\t<div class=\"t2-link-list-item__content-icon\">\n\t\t\t\t\t\t<svg xmlns=\"http:\/\/www.w3.org\/2000\/svg\" viewBox=\"0 0 48 48\" height=\"48\" width=\"48\" class=\"t2-icon t2-icon-solar\" aria-hidden=\"true\" focusable=\"false\"><g clip-path=\"url(#clip0_105_2743)\"><path fill-rule=\"evenodd\" clip-rule=\"evenodd\" d=\"M6 19C6 18.4477 6.44772 18 7 18H10C10.5523 18 11 18.4477 11 19C11 19.5523 10.5523 20 10 20H7C6.44772 20 6 19.5523 6 19Z\" fill=\"currentColor\"\/><path fill-rule=\"evenodd\" clip-rule=\"evenodd\" d=\"M11.6247 7.12468C12.0152 6.73416 12.6484 6.73416 13.0389 7.12468L15.1614 9.24718C15.5519 9.6377 15.5519 10.2709 15.1614 10.6614C14.7709 11.0519 14.1377 11.0519 13.7472 10.6614L11.6247 8.53889C11.2342 8.14837 11.2342 7.5152 11.6247 7.12468Z\" fill=\"currentColor\"\/><path fill-rule=\"evenodd\" clip-rule=\"evenodd\" d=\"M24 2C24.5523 2 25 2.44772 25 3V6C25 6.55228 24.5523 7 24 7C23.4477 7 23 6.55228 23 6V3C23 2.44772 23.4477 2 24 2Z\" fill=\"currentColor\"\/><path fill-rule=\"evenodd\" clip-rule=\"evenodd\" d=\"M36.3753 7.12468C36.7658 7.5152 36.7658 8.14837 36.3753 8.53889L34.2528 10.6614C33.8622 11.0519 33.2291 11.0519 32.8385 10.6614C32.448 10.2709 32.448 9.6377 32.8385 9.24718L34.961 7.12468C35.3516 6.73416 35.9847 6.73416 36.3753 7.12468Z\" fill=\"currentColor\"\/><path fill-rule=\"evenodd\" clip-rule=\"evenodd\" d=\"M37 19C37 18.4477 37.4477 18 38 18H41C41.5523 18 42 18.4477 42 19C42 19.5523 41.5523 20 41 20H38C37.4477 20 37 19.5523 37 19Z\" fill=\"currentColor\"\/><path fill-rule=\"evenodd\" clip-rule=\"evenodd\" d=\"M23.5 12C21.2287 12 19.0607 12.8553 17.4702 14.362C15.8816 15.867 15 17.8962 15 20C15 20.5523 14.5523 21 14 21C13.4477 21 13 20.5523 13 20C13 17.3299 14.1201 14.7808 16.0947 12.9101C18.0675 11.0411 20.7321 10 23.5 10C26.2679 10 28.9325 11.0411 30.9053 12.9101C32.8799 14.7808 34 17.3299 34 20C34 20.5523 33.5523 21 33 21C32.4477 21 32 20.5523 32 20C32 17.8962 31.1184 15.867 29.5298 14.362C27.9393 12.8553 25.7713 12 23.5 12Z\" fill=\"currentColor\"\/><path fill-rule=\"evenodd\" clip-rule=\"evenodd\" d=\"M10.3287 25.5431C10.5 25.2097 10.8434 25 11.2183 25H36.7817C37.1566 25 37.5 25.2097 37.6712 25.5431L45.8895 41.5431C46.0488 41.8531 46.0351 42.2237 45.8535 42.5211C45.6719 42.8186 45.3485 43 45 43H3C2.65149 43 2.32812 42.8186 2.14651 42.5211C1.9649 42.2237 1.95125 41.8531 2.11048 41.5431L10.3287 25.5431ZM11.8288 27L4.63784 41H43.3622L36.1712 27H11.8288Z\" fill=\"currentColor\"\/><path fill-rule=\"evenodd\" clip-rule=\"evenodd\" d=\"M7 33C7 32.4477 7.44772 32 8 32H40C40.5523 32 41 32.4477 41 33C41 33.5523 40.5523 34 40 34H8C7.44772 34 7 33.5523 7 33Z\" fill=\"currentColor\"\/><path fill-rule=\"evenodd\" clip-rule=\"evenodd\" d=\"M28.7904 26.0222C29.3305 25.9064 29.862 26.2504 29.9778 26.7904L32.9778 40.7904C33.0935 41.3305 32.7495 41.862 32.2095 41.9778C31.6695 42.0935 31.1379 41.7495 31.0222 41.2095L28.0222 27.2095C27.9064 26.6695 28.2504 26.1379 28.7904 26.0222Z\" fill=\"currentColor\"\/><path fill-rule=\"evenodd\" clip-rule=\"evenodd\" d=\"M19.2095 26.0222C19.7495 26.1379 20.0935 26.6695 19.9778 27.2095L16.9778 41.2095C16.862 41.7495 16.3305 42.0935 15.7904 41.9778C15.2504 41.862 14.9064 41.3305 15.0222 40.7904L18.0222 26.7904C18.1379 26.2504 18.6695 25.9064 19.2095 26.0222Z\" fill=\"currentColor\"\/><\/g><defs><clipPath id=\"clip0_105_2743\"><rect width=\"48\" height=\"48\" fill=\"white\"\/><\/clipPath><\/defs><\/svg>\t\t\t\t\t<\/div>\n\t\t\t\t\n\t\t\t\t<span id=\"link-list-item-text\" class=\"t2-link-list-item__text\">\n\t\t\t\t\tEnergioptimalisering\t\t\t\t<\/span>\n\t\t\t\t<span id=\"link-list-item-description\" class=\"t2-link-list-item__description\">Smarte sparesystemer for din bedrift<\/span>\t\t\t<\/div>\n\t\t<\/a>\n\t<\/li>\n\t\n\n\t<li class=\"t2-link-list-item wp-block-t2-link-list-item\">\n\t\t<a\n\t\t\thref=\"https:\/\/neas.no\/bedrift\/bredband\/\"\n\t\t\tclass=\"t2-link-list-item__link t2-link-list__icon--center\"\n\t\t\t\t\t>\n\t\t\t\t\t\t<div class=\"t2-link-list-item__content\">\n\n\t\t\t\t\t\t\t\t\t<div class=\"t2-link-list-item__content-icon\">\n\t\t\t\t\t\t<svg xmlns=\"http:\/\/www.w3.org\/2000\/svg\" viewBox=\"0 0 48 48\" height=\"48\" width=\"48\" class=\"t2-icon t2-icon-internet\" aria-hidden=\"true\" focusable=\"false\"><g clip-path=\"url(#clip0_384_3297)\"><path fill-rule=\"evenodd\" clip-rule=\"evenodd\" d=\"M24 8.5C15.4396 8.5 8.5 15.4396 8.5 24C8.5 32.5604 15.4396 39.5 24 39.5C32.5604 39.5 39.5 32.5604 39.5 24C39.5 19.2161 37.3339 14.939 33.9254 12.0942C31.9237 10.4235 28.9582 10.6824 27.126 12.6481C24.6852 15.2667 22.5217 19.1006 24.4261 23.611C24.641 24.1198 24.4027 24.7064 23.8939 24.9212C23.3851 25.1361 22.7985 24.8978 22.5836 24.389C20.2153 18.7799 23.0291 14.1102 25.6629 11.2845C28.1642 8.60091 32.3293 8.1569 35.207 10.5587C39.0513 13.7673 41.5 18.5981 41.5 24C41.5 33.665 33.665 41.5 24 41.5C14.335 41.5 6.5 33.665 6.5 24C6.5 14.335 14.335 6.5 24 6.5C24.5523 6.5 25 6.94772 25 7.5C25 8.05228 24.5523 8.5 24 8.5Z\" fill=\"currentColor\"\/><path fill-rule=\"evenodd\" clip-rule=\"evenodd\" d=\"M42.4623 12.5987C41.3915 11.3839 38.9699 10.7509 35.4229 12.4062L34.5771 10.5938C38.5301 8.74903 42.0585 9.11598 43.9627 11.2762C45.8795 13.4508 45.6621 16.8791 43.3064 20.0914C41.8354 22.0973 39.0549 24.5353 35.6997 26.9569C32.3216 29.395 28.2812 31.8731 24.218 33.9469C20.1625 36.0168 16.042 37.7056 12.5098 38.5366C9.80837 39.1721 6.1594 39.7394 3.84919 37.7591C0.0476887 34.5004 4.08847 27.6441 7.59382 26.0862L8.4061 27.9138C6.27883 28.8592 2.54947 34.0107 5.15082 36.2406C6.90791 37.7468 10.0543 37.0597 12.0517 36.5897C15.3666 35.8099 19.3272 34.1977 23.3088 32.1655C27.2829 30.1372 31.2358 27.7122 34.5292 25.3352C37.8454 22.9418 40.4147 20.6526 41.6936 18.9086C43.7379 16.1209 43.5205 13.7991 42.4623 12.5987Z\" fill=\"currentColor\"\/><\/g><defs><clipPath id=\"clip0_384_3297\"><rect width=\"48\" height=\"48\" fill=\"white\"\/><\/clipPath><\/defs><\/svg>\t\t\t\t\t<\/div>\n\t\t\t\t\n\t\t\t\t<span id=\"link-list-item-text-1\" class=\"t2-link-list-item__text\">\n\t\t\t\t\tInternett\t\t\t\t<\/span>\n\t\t\t\t<span id=\"link-list-item-description-1\" class=\"t2-link-list-item__description\">F\u00e5 fart p\u00e5 sakene med internett fra Neas<\/span>\t\t\t<\/div>\n\t\t<\/a>\n\t<\/li>\n\t\n\n\t<li class=\"t2-link-list-item wp-block-t2-link-list-item\">\n\t\t<a\n\t\t\thref=\"\"\n\t\t\tclass=\"t2-link-list-item__link t2-link-list__icon--center\"\n\t\t\t\t\t>\n\t\t\t\t\t\t<div class=\"t2-link-list-item__content\">\n\n\t\t\t\t\t\t\t\t\t<div class=\"t2-link-list-item__content-icon\">\n\t\t\t\t\t\t<svg xmlns=\"http:\/\/www.w3.org\/2000\/svg\" viewBox=\"0 0 48 48\" height=\"48\" width=\"48\" class=\"t2-icon t2-icon-it\" aria-hidden=\"true\" focusable=\"false\"><g clip-path=\"url(#clip0_105_2791)\"><path fill-rule=\"evenodd\" clip-rule=\"evenodd\" d=\"M44 18C44 16.8954 43.1046 16 42 16H33C31.8954 16 31 16.8954 31 18V36C31 37.1046 31.8954 38 33 38H42C43.1046 38 44 37.1046 44 36V18ZM42 14C44.2091 14 46 15.7909 46 18V36C46 38.2091 44.2091 40 42 40H33C30.7909 40 29 38.2091 29 36V18C29 15.7909 30.7909 14 33 14H42Z\" fill=\"currentColor\"\/><path fill-rule=\"evenodd\" clip-rule=\"evenodd\" d=\"M16 39C16 38.4477 16.4477 38 17 38H24C24.5523 38 25 38.4477 25 39C25 39.5523 24.5523 40 24 40H17C16.4477 40 16 39.5523 16 39Z\" fill=\"currentColor\"\/><path fill-rule=\"evenodd\" clip-rule=\"evenodd\" d=\"M7.90909 10C7.41287 10 6.93052 10.203 6.56995 10.5748C6.20838 10.9477 6 11.4598 6 12V30C6 30.5402 6.20838 31.0523 6.56995 31.4252C6.93052 31.797 7.41287 32 7.90909 32H29.7273C30.2796 32 30.7273 32.4477 30.7273 33C30.7273 33.5523 30.2796 34 29.7273 34H7.90909C6.86223 34 5.86471 33.5709 5.13415 32.8175C4.40461 32.0651 4 31.0511 4 30V12C4 10.9489 4.40461 9.93488 5.13415 9.18253C5.86471 8.42915 6.86223 8 7.90909 8H34.0909C35.1378 8 36.1353 8.42915 36.8658 9.18253C37.5954 9.93488 38 10.9489 38 12V15C38 15.5523 37.5523 16 37 16C36.4477 16 36 15.5523 36 15V12C36 11.4598 35.7916 10.9477 35.43 10.5748C35.0695 10.203 34.5871 10 34.0909 10H7.90909Z\" fill=\"currentColor\"\/><path fill-rule=\"evenodd\" clip-rule=\"evenodd\" d=\"M35 21C35 20.4477 35.4477 20 36 20H39C39.5523 20 40 20.4477 40 21C40 21.5523 39.5523 22 39 22H36C35.4477 22 35 21.5523 35 21Z\" fill=\"currentColor\"\/><\/g><defs><clipPath id=\"clip0_105_2791\"><rect width=\"48\" height=\"48\" fill=\"white\"\/><\/clipPath><\/defs><\/svg>\t\t\t\t\t<\/div>\n\t\t\t\t\n\t\t\t\t<span id=\"link-list-item-text-2\" class=\"t2-link-list-item__text\">\n\t\t\t\t\tIT \t\t\t\t<\/span>\n\t\t\t\t<span id=\"link-list-item-description-2\" class=\"t2-link-list-item__description\">Helhetlige IT-l\u00f8sninger gj\u00f8r arbeidsdagen mer effektiv<\/span>\t\t\t<\/div>\n\t\t<\/a>\n\t<\/li>\n\t\n\n\t<li class=\"t2-link-list-item wp-block-t2-link-list-item\">\n\t\t<a\n\t\t\thref=\"https:\/\/neas.no\/bedrift\/strom\/\"\n\t\t\tclass=\"t2-link-list-item__link t2-link-list__icon--center\"\n\t\t\t\t\t>\n\t\t\t\t\t\t<div class=\"t2-link-list-item__content\">\n\n\t\t\t\t\t\t\t\t\t<div class=\"t2-link-list-item__content-icon\">\n\t\t\t\t\t\t<svg xmlns=\"http:\/\/www.w3.org\/2000\/svg\" viewBox=\"0 0 48 48\" height=\"48\" width=\"48\" class=\"t2-icon t2-icon-lightbulb\" aria-hidden=\"true\" focusable=\"false\"><g clip-path=\"url(#clip0_199_3062)\"><path fill-rule=\"evenodd\" clip-rule=\"evenodd\" d=\"M17 44C17 43.4477 17.4477 43 18 43L30 43C30.5523 43 31 43.4477 31 44C31 44.5523 30.5523 45 30 45L18 45C17.4477 45 17 44.5523 17 44Z\" fill=\"currentColor\"\/><path fill-rule=\"evenodd\" clip-rule=\"evenodd\" d=\"M24 26C24.5523 26 25 26.4477 25 27L25 38C25 38.5523 24.5523 39 24 39C23.4477 39 23 38.5523 23 38L23 27C23 26.4477 23.4477 26 24 26Z\" fill=\"currentColor\"\/><path fill-rule=\"evenodd\" clip-rule=\"evenodd\" d=\"M17.2929 20.2929C17.6834 19.9024 18.3166 19.9024 18.7071 20.2929L24 25.5858L29.2929 20.2929C29.6834 19.9024 30.3166 19.9024 30.7071 20.2929C31.0976 20.6834 31.0976 21.3166 30.7071 21.7071L24.7071 27.7071C24.3166 28.0976 23.6834 28.0976 23.2929 27.7071L17.2929 21.7071C16.9024 21.3166 16.9024 20.6834 17.2929 20.2929Z\" fill=\"currentColor\"\/><path fill-rule=\"evenodd\" clip-rule=\"evenodd\" d=\"M31.9035 7.52318C29.4784 5.81087 26.5951 4.93104 23.6625 5.00422L23.6613 5.00425C16.1075 5.18377 9.95799 11.6791 10.0002 19.5386C10.0106 21.7232 10.5015 23.8766 11.4347 25.8355C12.3679 27.7943 13.7186 29.5072 15.3831 30.8468L14.7562 31.6259L15.3818 30.8457C16.0435 31.3764 16.5767 32.0536 16.9428 32.8242C17.3089 33.5947 17.499 34.4395 17.4998 35.2948L17.4998 35.2958L17.4998 36.4548C17.4998 36.6088 17.5595 36.7508 17.6567 36.8509C17.7529 36.95 17.8769 37 17.9998 37H29.9991C30.1219 37 30.246 36.95 30.3422 36.8509C30.4394 36.7508 30.499 36.6088 30.499 36.4548V35.2958L30.4991 35.2917C30.5026 34.4321 30.6961 33.5835 31.0659 32.8101C31.4354 32.0375 31.9718 31.359 32.6367 30.8272C34.9494 28.9558 36.6362 26.3778 37.4521 23.456C38.2684 20.533 38.1704 17.4189 37.1724 14.5571C36.1745 11.6956 34.3291 9.23582 31.9035 7.52318ZM23.6132 3.00483C26.9801 2.92094 30.2844 3.93169 33.0571 5.88939C35.8294 7.84686 37.9281 10.6504 39.0609 13.8985C40.1935 17.1464 40.3044 20.678 39.3784 23.9939C38.4523 27.31 36.5347 30.2466 33.8922 32.384L33.8875 32.3879C33.4603 32.7291 33.1117 33.168 32.8702 33.6729C32.629 34.1774 32.5016 34.7333 32.499 35.2982V36.4548C32.499 37.1203 32.2427 37.7645 31.7773 38.2439C31.3109 38.7244 30.6719 39 29.9991 39H17.9998C17.327 39 16.688 38.7244 16.2216 38.2439C15.7562 37.7645 15.4998 37.1203 15.4998 36.4548L15.4998 35.2968C15.4992 34.7362 15.3745 34.1837 15.1363 33.6824C14.8982 33.1812 14.5535 32.7451 14.1305 32.406L14.1292 32.4049C12.2276 30.8745 10.6898 28.9221 9.62914 26.6957C8.56862 24.4697 8.01212 22.0264 8.00024 19.5493M23.6132 3.00483C14.9122 3.21194 7.9528 10.6588 8.00024 19.5493L23.6132 3.00483Z\" fill=\"currentColor\"\/><\/g><defs><clipPath id=\"clip0_199_3062\"><rect width=\"48\" height=\"48\" fill=\"white\"\/><\/clipPath><\/defs><\/svg>\t\t\t\t\t<\/div>\n\t\t\t\t\n\t\t\t\t<span id=\"link-list-item-text-3\" class=\"t2-link-list-item__text\">\n\t\t\t\t\tStr\u00f8m\t\t\t\t<\/span>\n\t\t\t\t<span id=\"link-list-item-description-3\" class=\"t2-link-list-item__description\">Stabil og p\u00e5litelig kraft til bedrifter<\/span>\t\t\t<\/div>\n\t\t<\/a>\n\t<\/li>\n\t\n<\/ul>\n\n\n<p><\/p>\n","protected":false},"excerpt":{"rendered":"","protected":false},"author":3,"featured_media":0,"parent":0,"menu_order":0,"comment_status":"closed","ping_status":"closed","template":"","meta":{"t2_featured_media_focal_point":{"x":0.5,"y":0.5},"footnotes":""},"class_list":["post-84","page","type-page","status-publish","hentry"],"yoast_head":"<!-- This site is optimized with the Yoast SEO Premium plugin v26.5 (Yoast SEO v26.9) - https:\/\/yoast.com\/product\/yoast-seo-premium-wordpress\/ -->\n<title>Elbillader - Bedrift<\/title>\n<meta name=\"robots\" content=\"index, follow, max-snippet:-1, max-image-preview:large, max-video-preview:-1\" \/>\n<link rel=\"canonical\" href=\"https:\/\/neas.no\/bedrift\/elbillader\/\" \/>\n<meta property=\"og:locale\" content=\"nb_NO\" \/>\n<meta property=\"og:type\" content=\"article\" \/>\n<meta property=\"og:title\" content=\"Elbillader\" \/>\n<meta property=\"og:url\" content=\"https:\/\/neas.no\/bedrift\/elbillader\/\" \/>\n<meta property=\"og:site_name\" content=\"Bedrift\" \/>\n<meta property=\"article:modified_time\" content=\"2025-02-04T10:29:51+00:00\" \/>\n<meta name=\"twitter:card\" content=\"summary_large_image\" \/>\n<meta name=\"twitter:label1\" content=\"Ansl. lesetid\" \/>\n\t<meta name=\"twitter:data1\" content=\"2 minutter\" \/>\n<script type=\"application\/ld+json\" class=\"yoast-schema-graph\">{\"@context\":\"https:\/\/schema.org\",\"@graph\":[{\"@type\":\"WebPage\",\"@id\":\"https:\/\/neas.no\/bedrift\/elbillader\/\",\"url\":\"https:\/\/neas.no\/bedrift\/elbillader\/\",\"name\":\"Elbillader - Bedrift\",\"isPartOf\":{\"@id\":\"https:\/\/neas.no\/bedrift\/#website\"},\"datePublished\":\"2024-10-03T14:31:35+00:00\",\"dateModified\":\"2025-02-04T10:29:51+00:00\",\"breadcrumb\":{\"@id\":\"https:\/\/neas.no\/bedrift\/elbillader\/#breadcrumb\"},\"inLanguage\":\"nb-NO\",\"potentialAction\":[{\"@type\":\"ReadAction\",\"target\":[\"https:\/\/neas.no\/bedrift\/elbillader\/\"]}]},{\"@type\":\"BreadcrumbList\",\"@id\":\"https:\/\/neas.no\/bedrift\/elbillader\/#breadcrumb\",\"itemListElement\":[{\"@type\":\"ListItem\",\"position\":1,\"name\":\"Hjem\",\"item\":\"https:\/\/neas.no\/bedrift\/\"},{\"@type\":\"ListItem\",\"position\":2,\"name\":\"Elbillader\"}]},{\"@type\":\"WebSite\",\"@id\":\"https:\/\/neas.no\/bedrift\/#website\",\"url\":\"https:\/\/neas.no\/bedrift\/\",\"name\":\"Bedrift\",\"description\":\"\",\"potentialAction\":[{\"@type\":\"SearchAction\",\"target\":{\"@type\":\"EntryPoint\",\"urlTemplate\":\"https:\/\/neas.no\/bedrift\/?s={search_term_string}\"},\"query-input\":{\"@type\":\"PropertyValueSpecification\",\"valueRequired\":true,\"valueName\":\"search_term_string\"}}],\"inLanguage\":\"nb-NO\"}]}<\/script>\n<!-- \/ Yoast SEO Premium plugin. -->","yoast_head_json":{"title":"Elbillader - Bedrift","robots":{"index":"index","follow":"follow","max-snippet":"max-snippet:-1","max-image-preview":"max-image-preview:large","max-video-preview":"max-video-preview:-1"},"canonical":"https:\/\/neas.no\/bedrift\/elbillader\/","og_locale":"nb_NO","og_type":"article","og_title":"Elbillader","og_url":"https:\/\/neas.no\/bedrift\/elbillader\/","og_site_name":"Bedrift","article_modified_time":"2025-02-04T10:29:51+00:00","twitter_card":"summary_large_image","twitter_misc":{"Ansl. lesetid":"2 minutter"},"schema":{"@context":"https:\/\/schema.org","@graph":[{"@type":"WebPage","@id":"https:\/\/neas.no\/bedrift\/elbillader\/","url":"https:\/\/neas.no\/bedrift\/elbillader\/","name":"Elbillader - Bedrift","isPartOf":{"@id":"https:\/\/neas.no\/bedrift\/#website"},"datePublished":"2024-10-03T14:31:35+00:00","dateModified":"2025-02-04T10:29:51+00:00","breadcrumb":{"@id":"https:\/\/neas.no\/bedrift\/elbillader\/#breadcrumb"},"inLanguage":"nb-NO","potentialAction":[{"@type":"ReadAction","target":["https:\/\/neas.no\/bedrift\/elbillader\/"]}]},{"@type":"BreadcrumbList","@id":"https:\/\/neas.no\/bedrift\/elbillader\/#breadcrumb","itemListElement":[{"@type":"ListItem","position":1,"name":"Hjem","item":"https:\/\/neas.no\/bedrift\/"},{"@type":"ListItem","position":2,"name":"Elbillader"}]},{"@type":"WebSite","@id":"https:\/\/neas.no\/bedrift\/#website","url":"https:\/\/neas.no\/bedrift\/","name":"Bedrift","description":"","potentialAction":[{"@type":"SearchAction","target":{"@type":"EntryPoint","urlTemplate":"https:\/\/neas.no\/bedrift\/?s={search_term_string}"},"query-input":{"@type":"PropertyValueSpecification","valueRequired":true,"valueName":"search_term_string"}}],"inLanguage":"nb-NO"}]}},"_links":{"self":[{"href":"https:\/\/neas.no\/bedrift\/wp-json\/wp\/v2\/pages\/84","targetHints":{"allow":["GET"]}}],"collection":[{"href":"https:\/\/neas.no\/bedrift\/wp-json\/wp\/v2\/pages"}],"about":[{"href":"https:\/\/neas.no\/bedrift\/wp-json\/wp\/v2\/types\/page"}],"author":[{"embeddable":true,"href":"https:\/\/neas.no\/bedrift\/wp-json\/wp\/v2\/users\/3"}],"replies":[{"embeddable":true,"href":"https:\/\/neas.no\/bedrift\/wp-json\/wp\/v2\/comments?post=84"}],"version-history":[{"count":5,"href":"https:\/\/neas.no\/bedrift\/wp-json\/wp\/v2\/pages\/84\/revisions"}],"predecessor-version":[{"id":326,"href":"https:\/\/neas.no\/bedrift\/wp-json\/wp\/v2\/pages\/84\/revisions\/326"}],"wp:attachment":[{"href":"https:\/\/neas.no\/bedrift\/wp-json\/wp\/v2\/media?parent=84"}],"curies":[{"name":"wp","href":"https:\/\/api.w.org\/{rel}","templated":true}]}}